{"id":486,"date":"2023-07-10T18:43:48","date_gmt":"2023-07-10T18:43:48","guid":{"rendered":"https:\/\/rte-caminetto.com\/accesibilidad\/"},"modified":"2023-07-10T19:09:27","modified_gmt":"2023-07-10T19:09:27","slug":"accesibilidad","status":"publish","type":"page","link":"https:\/\/rte-caminetto.com\/es\/accesibilidad\/","title":{"rendered":"Accesibilidad"},"content":{"rendered":"<p>Queremos que todo el mundo que visite la web de Rte Caminetto se sienta bienvenido y encuentre la experiencia gratificante.<\/p>\n<p>\u00bfQu\u00e9 estamos haciendo?<br \/>\nPara ayudarnos a hacer de la web de Rte Caminetto un sitio positivo para todos, hemos estado utilizando las Directrices de accesibilidad al contenido web (WCAG) 2.1. Estas directrices explican c\u00f3mo hacer que el contenido web sea m\u00e1s accesible para personas con discapacidad y f\u00e1cil de utilizar para todos.<\/p>\n<p>Las directrices tienen tres niveles de accesibilidad (A, AA y AAA). Hemos escogido el nivel AA como objetivo de la web de Rte Caminetto.<\/p>\n<p>\u00bfC\u00f3mo lo hacemos?<br \/>\nHemos trabajado mucho en la web de Rte Caminetto y creemos que hemos alcanzado nuestro objetivo de accesibilidad de nivel AA. Supervisamos el sitio web peri\u00f3dicamente para mantenerlo, pero si encuentra alg\u00fan problema, p\u00f3ngase en contacto.<\/p>\n<p>H\u00e1ganos saber qu\u00e9 le parece<br \/>\nSi le ha gustado utilizar la web de Rte Caminetto, o si ha tenido problemas con alguna parte de ella, p\u00f3ngase en contacto. Nos gustar\u00eda recibir noticias suyas de cualquiera de las siguientes formas:<\/p>\n<p>env\u00edanos un correo electr\u00f3nico a info@rte-caminetto.com<br \/>\nll\u00e1manos al 93 796 14 28<br \/>\nhttps:\/\/www.rte-caminetto.com\/contacto<\/p>\n","protected":false},"excerpt":{"rendered":"<p>Queremos que todo el mundo que visite la web de Rte Caminetto se sienta bienvenido y encuentre la experiencia gratificante. \u00bfQu\u00e9 estamos haciendo? Para ayudarnos a hacer de la web de Rte Caminetto un sitio positivo para todos, hemos estado utilizando las Directrices de accesibilidad al contenido web (WCAG) 2.1. Estas directrices explican c\u00f3mo hacer &#8230; <a title=\"Accesibilidad\" class=\"read-more\" href=\"https:\/\/rte-caminetto.com\/es\/accesibilidad\/\" aria-label=\"M\u00e1s en Accesibilidad\">Leer m\u00e1s<\/a><\/p>\n","protected":false},"author":1,"featured_media":0,"parent":0,"menu_order":0,"comment_status":"closed","ping_status":"closed","template":"","meta":{"footnotes":""},"_links":{"self":[{"href":"https:\/\/rte-caminetto.com\/es\/wp-json\/wp\/v2\/pages\/486"}],"collection":[{"href":"https:\/\/rte-caminetto.com\/es\/wp-json\/wp\/v2\/pages"}],"about":[{"href":"https:\/\/rte-caminetto.com\/es\/wp-json\/wp\/v2\/types\/page"}],"author":[{"embeddable":true,"href":"https:\/\/rte-caminetto.com\/es\/wp-json\/wp\/v2\/users\/1"}],"replies":[{"embeddable":true,"href":"https:\/\/rte-caminetto.com\/es\/wp-json\/wp\/v2\/comments?post=486"}],"version-history":[{"count":1,"href":"https:\/\/rte-caminetto.com\/es\/wp-json\/wp\/v2\/pages\/486\/revisions"}],"predecessor-version":[{"id":491,"href":"https:\/\/rte-caminetto.com\/es\/wp-json\/wp\/v2\/pages\/486\/revisions\/491"}],"wp:attachment":[{"href":"https:\/\/rte-caminetto.com\/es\/wp-json\/wp\/v2\/media?parent=486"}],"curies":[{"name":"wp","href":"https:\/\/api.w.org\/{rel}","templated":true}]}}